{"id":492,"date":"2023-10-17T14:08:16","date_gmt":"2023-10-17T14:08:16","guid":{"rendered":"https:\/\/posgradofment.umsa.bo\/memoriadelposgrado\/?page_id=492"},"modified":"2023-10-17T14:22:40","modified_gmt":"2023-10-17T14:22:40","slug":"miembros-rmdp","status":"publish","type":"page","link":"https:\/\/posgradofment.umsa.bo\/memoriadelposgrado\/index.php\/miembros-rmdp\/","title":{"rendered":"MIEMBROS RMDP"},"content":{"rendered":"<blockquote><p><span style=\"font-family: helvetica, arial, sans-serif; font-size: 14pt;\"><strong>Miembros de la Revista Memoria del Posgrado<\/strong><\/span><\/p>\n<p><span style=\"font-family: helvetica, arial, sans-serif; font-size: 14pt;\"><strong>\u00a0<\/strong><strong>Comit\u00e9 editorial<\/strong><\/span><\/p>\n<p><span style=\"font-family: helvetica, arial, sans-serif;\"><strong>\u00a0 \u00a0 \u00a0Presidente<\/strong><\/span><\/p>\n<p style=\"padding-left: 40px;\"><span style=\"font-family: helvetica, arial, sans-serif;\">Martin Villarroel Mare\u00f1o: Universidad Mayor de San Andr\u00e9s.<\/span><\/p>\n<p><span style=\"font-family: helvetica, arial, sans-serif;\"><strong>\u00a0 \u00a0 \u00a0 <\/strong><strong>Editor<\/strong><\/span><\/p>\n<p style=\"padding-left: 40px;\"><span style=\"font-family: helvetica, arial, sans-serif;\">Juan Luis Ugarte Cabo. Ph.D. Salud P\u00fablica. Facultad de Odontolog\u00eda de la Universidad Mayor de San Andr\u00e9s. <a href=\"mailto:toracari@hotmail.com\">toracari@hotmail.com<\/a>.<\/span><\/p>\n<p><span style=\"font-family: helvetica, arial, sans-serif;\"><strong>\u00a0 \u00a0 \u00a0Miembros <\/strong><\/span><\/p>\n<p style=\"padding-left: 40px;\"><span style=\"font-family: helvetica, arial, sans-serif;\">Roberto Ingemar Salvatierra. Zapata. Ph.D. Ciencias y Humanidades. Unidad de Posgrado de la Facultad de Medicina, Enfermer\u00eda, Nutrici\u00f3n y Tecnolog\u00eda M\u00e9dica. <a href=\"mailto:rsalvatierra8@gmail.com\">rsalvatierra8@gmail.com<\/a><\/span><\/p>\n<p style=\"padding-left: 40px;\"><span style=\"font-family: helvetica, arial, sans-serif;\">Ana Mar\u00eda Aguilar Liendo. M.Sc. Nutrici\u00f3n y diet\u00e9tica. Docente investigadora del Instituto de Investigaci\u00f3n en Salud y Desarrollo (IINSAD). <a href=\"mailto:aguilarliendo@gmail.com\">aguilarliendo@gmail.com<\/a><\/span><\/p>\n<p style=\"padding-left: 40px;\"><span style=\"font-family: helvetica, arial, sans-serif;\">Margarita Saavedra Cortez. M.Sc. Salud P\u00fablica. Caja Nacional de Salud La Paz. Hospital Materno Infantil. <a href=\"mailto:marguissc000@yohoo.es\">marguissc000@yohoo.es<\/a><\/span><\/p>\n<p style=\"padding-left: 40px;\"><span style=\"font-family: helvetica, arial, sans-serif;\">Vicente Waldo Aguirre Tarquino. M.Sc. Econom\u00eda de la salud y el Medicamento. Universidad Mayor de San Andr\u00e9s. <a href=\"mailto:vicentewaldo@hotmail.com\">vicentewaldo@hotmail.com<\/a><\/span><\/p>\n<p style=\"padding-left: 40px;\"><span style=\"font-family: helvetica, arial, sans-serif;\">Ivan William Larico Laura. M.Sc. Medicina Forense. Facultad de Medicina, Enfermer\u00eda, Nutrici\u00f3n y Tecnolog\u00eda M\u00e9dica <a href=\"mailto:ivanlarico@hotmail.com\">ivanlarico@hotmail.com<\/a><\/span><\/p>\n<p><span style=\"font-family: helvetica, arial, sans-serif;\"><strong>\u00a0 \u00a0 \u00a0<\/strong><strong>Asesor T\u00e9cnico<\/strong><\/span><\/p>\n<p style=\"padding-left: 40px;\"><span style=\"font-family: helvetica, arial, sans-serif;\">Jimmy Leonardo Alejo Pocoma. M.Sc. Salud P\u00fablica. Instituto de Investigaci\u00f3n en Salud y Desarrollo (IINSAD). <a href=\"mailto:jimmyalejo@mixmail.com\">jimmyalejo@mixmail.com<\/a><\/span><\/p>\n<p><span style=\"font-family: helvetica, arial, sans-serif;\"><strong>\u00a0 \u00a0 \u00a0Dise\u00f1o y Diagramaci\u00f3n<\/strong><\/span><\/p>\n<p style=\"padding-left: 40px;\"><span style=\"font-family: helvetica, arial, sans-serif;\">Gonzalo Issac Rojas Arce. Responsable comunicaci\u00f3n. Unidad de Posgrado de la Facultad de Medicina, Enfermer\u00eda, Nutrici\u00f3n, y Tecnolog\u00eda M\u00e9dica. <a href=\"mailto:dantecart1@gmail.com\">dantecart1@gmail.com<\/a><\/span><\/p>\n<p><span style=\"font-family: helvetica, arial, sans-serif;\"><strong>\u00a0 \u00a0 \u00a0Pares revisores<\/strong><\/span><\/p>\n<p style=\"padding-left: 40px;\"><span style=\"font-family: helvetica, arial, sans-serif;\">Estela Jhakelina Marce Benito. Ph.D. Ciencias y Humanidades de la Educaci\u00f3n. Farmacia y bioqu\u00edmica. <a href=\"mailto:jhakelina@hotmail.com\">jhakelina@hotmail.com<\/a><\/span><\/p>\n<p style=\"padding-left: 40px;\"><span style=\"font-family: helvetica, arial, sans-serif;\">Arturo Ajata San Martin. M\u00e9dico Internista. \u00a0<a href=\"mailto:arturoajata@gmail.com\">arturoajata@gmail.com<\/a><\/span><\/p>\n<p style=\"padding-left: 40px;\"><span style=\"font-family: helvetica, arial, sans-serif;\">Vannia Espinoza Pinto. Especialista en Hematolog\u00eda. <a href=\"mailto:vaniaespinoza@gmail.com\">vaniaespinoza@gmail.com<\/a><\/span><\/p>\n<p style=\"padding-left: 40px;\"><span style=\"font-family: helvetica, arial, sans-serif;\">Dennis Torrez Castro. Magister en Educaci\u00f3n superior, Ciencias de la comunicaci\u00f3n Social. <a href=\"mailto:phddennisjavier@gmail.com\">phddennisjavier@gmail.com<\/a><\/span><\/p>\n<p><span style=\"font-family: helvetica, arial, sans-serif;\"><strong>\u00a0 \u00a0 \u00a0Secretaria<\/strong><\/span><\/p>\n<p style=\"padding-left: 40px;\"><span style=\"font-family: helvetica, arial, sans-serif;\">Shadia Burgos Moscoso. Revista Memoria del Posgrado. Unidad de Posgrado de la Facultad de Medicina, Enfermer\u00eda, Nutrici\u00f3n, y Tecnolog\u00eda M\u00e9dica. <a href=\"mailto:rensha11218@gmail.com\">rensha11218@gmail.com<\/a><\/span><\/p>\n<p><span style=\"font-family: helvetica, arial, sans-serif;\"><strong>\u00a0 \u00a0 \u00a0Direcci\u00f3n<\/strong><\/span><\/p>\n<p style=\"padding-left: 40px;\"><span style=\"font-family: helvetica, arial, sans-serif;\">Unidad de Posgrado. Calle Claudio Sanjines N\u00ba 1738. Zona Miraflores. <a href=\"mailto:memoriadelposgrado@gmail.com\">memoriadelposgrado@gmail.com<\/a><\/span><\/p>\n<p style=\"padding-left: 40px;\"><span style=\"font-family: helvetica, arial, sans-serif;\">Web: <a href=\"https:\/\/posgradofmed.umsa.bo\/\">https:\/\/posgradofmed.umsa.bo\/<\/a><\/span><\/p>\n<p style=\"padding-left: 40px;\"><span style=\"font-family: helvetica, arial, sans-serif;\">Web revista: <a href=\"https:\/\/posgradofmed.umsa.bo\/memoriadelposgrado\/\">https:\/\/posgradofmed.umsa.bo\/memoriadelposgrado\/<\/a><\/span><\/p>\n<p>&nbsp;<\/p><\/blockquote>\n","protected":false},"excerpt":{"rendered":"<p>Miembros de la Revista Memoria del Posgrado \u00a0Comit\u00e9 editorial \u00a0 \u00a0 \u00a0Presidente Martin Villarroel Mare\u00f1o: Universidad Mayor de San Andr\u00e9s. \u00a0 \u00a0 \u00a0 Editor Juan Luis Ugarte Cabo. Ph.D. Salud P\u00fablica. Facultad de Odontolog\u00eda de la Universidad Mayor de San Andr\u00e9s. toracari@hotmail.com. \u00a0 \u00a0 \u00a0Miembros Roberto Ingemar Salvatierra. Zapata. Ph.D. Ciencias y Humanidades. Unidad de [&hellip;]<\/p>\n","protected":false},"author":1,"featured_media":0,"parent":0,"menu_order":0,"comment_status":"closed","ping_status":"closed","template":"","meta":{"disable_featured_image":false,"footnotes":""},"_links":{"self":[{"href":"https:\/\/posgradofment.umsa.bo\/memoriadelposgrado\/index.php\/wp-json\/wp\/v2\/pages\/492"}],"collection":[{"href":"https:\/\/posgradofment.umsa.bo\/memoriadelposgrado\/index.php\/wp-json\/wp\/v2\/pages"}],"about":[{"href":"https:\/\/posgradofment.umsa.bo\/memoriadelposgrado\/index.php\/wp-json\/wp\/v2\/types\/page"}],"author":[{"embeddable":true,"href":"https:\/\/posgradofment.umsa.bo\/memoriadelposgrado\/index.php\/wp-json\/wp\/v2\/users\/1"}],"replies":[{"embeddable":true,"href":"https:\/\/posgradofment.umsa.bo\/memoriadelposgrado\/index.php\/wp-json\/wp\/v2\/comments?post=492"}],"version-history":[{"count":4,"href":"https:\/\/posgradofment.umsa.bo\/memoriadelposgrado\/index.php\/wp-json\/wp\/v2\/pages\/492\/revisions"}],"predecessor-version":[{"id":497,"href":"https:\/\/posgradofment.umsa.bo\/memoriadelposgrado\/index.php\/wp-json\/wp\/v2\/pages\/492\/revisions\/497"}],"wp:attachment":[{"href":"https:\/\/posgradofment.umsa.bo\/memoriadelposgrado\/index.php\/wp-json\/wp\/v2\/media?parent=492"}],"curies":[{"name":"wp","href":"https:\/\/api.w.org\/{rel}","templated":true}]}}