{"id":485,"date":"2023-09-29T16:37:50","date_gmt":"2023-09-29T16:37:50","guid":{"rendered":"https:\/\/posgradofment.umsa.bo\/memoriadelposgrado\/?page_id=485"},"modified":"2023-10-17T14:23:09","modified_gmt":"2023-10-17T14:23:09","slug":"informacion-para-lectores-as","status":"publish","type":"page","link":"https:\/\/posgradofment.umsa.bo\/memoriadelposgrado\/index.php\/informacion-para-lectores-as\/","title":{"rendered":"Informaci\u00f3n para Lectores\/as"},"content":{"rendered":"<blockquote><p><span style=\"font-size: 14pt;\"><strong>Informaci\u00f3n b\u00e1sica<\/strong><\/span><\/p>\n<p style=\"padding-left: 40px;\">La Revista Memoria del Posgrado (RMDP) es una revista oficial de la Unidad de Posgrado de la Facultad de Medicina, Enfermer\u00eda y Tecnolog\u00eda M\u00e9dica de la Universidad Mayor de San Andr\u00e9s de la Paz \u2013 Bolivia.<\/p>\n<p style=\"padding-left: 40px;\">La RNDP publica todo trabajo relacionado en el \u00e1rea de la salud en el \u00e1mbito nacional e internacional.<\/p>\n<p style=\"padding-left: 40px;\">Su primer n\u00famero se public\u00f3 en noviembre de 2020. Desde enero de 2021 tambi\u00e9n se publica en formato digital.<\/p>\n<p style=\"padding-left: 40px;\">La RMDP Publica:<\/p>\n<p style=\"padding-left: 40px;\"><strong><em>Art\u00edculos originales<\/em><\/strong><strong>:<\/strong> Son trabajos in\u00e9ditos derivado de una investigaci\u00f3n cient\u00edfica que aporta informaci\u00f3n nueva sobre aspectos espec\u00edficos y contribuye de manera relevante al conocimiento cient\u00edfico.<\/p>\n<p style=\"padding-left: 40px;\"><strong><em>Art\u00edculos de revisi\u00f3n o actualizaci\u00f3n:<\/em><\/strong> Presenta el estado actual del conocimiento sobre un tema.<\/p>\n<p style=\"padding-left: 40px;\"><strong><em>Art\u00edculos especiales<\/em><\/strong><strong>:<\/strong> El comit\u00e9 Editorial puede recibir otras categor\u00edas no descritas y ponderar\u00e1 la pertinencia y relevancia del manuscrito para su publicaci\u00f3n.<\/p>\n<p style=\"padding-left: 40px;\"><strong><em>Casos Cl\u00ednicos:<\/em><\/strong> Describe un caso cl\u00ednico de inter\u00e9s especial con hallazgos pertinentes<\/p>\n<p style=\"padding-left: 40px;\"><strong><em>Comunicaci\u00f3n breve:<\/em><\/strong> Es el informe de resultados parciales o finales de una investigaci\u00f3n, cuya divulgaci\u00f3n r\u00e1pida sea de gran importancia.<\/p>\n<p style=\"padding-left: 40px;\"><strong><em>Nota t\u00e9cnica:<\/em><\/strong> Describe en detalle una t\u00e9cnica diagnostica novedosa o modificaciones de una t\u00e9cnica ya establecida, enfatizando las ventajas que tiene el procedimiento o la innovaci\u00f3n desarrollados.<\/p>\n<p style=\"padding-left: 40px;\"><strong><em>Cartas al editor:<\/em><\/strong> Manuscrito sobre un art\u00edculo publicado en la revista.<\/p>\n<p style=\"padding-left: 40px;\"><strong><em>Rese\u00f1a hist\u00f3rica:<\/em><\/strong> Es un manuscrito que destaca personajes o sucesos y su contribuci\u00f3n al desarrollo de las ciencias biom\u00e9dicas o de las pol\u00edticas en salud.<\/p>\n<p style=\"padding-left: 40px;\">Otras secciones no permanentes siempre y cuando estos cumplan con los requisitos y formatos que tiene la Revista.<\/p>\n<p>&nbsp;<\/p>\n<p><span style=\"font-size: 14pt;\"><strong>Misi\u00f3n <\/strong><\/span><\/p>\n<p style=\"padding-left: 40px;\">La RMDP es un instrumento de difusi\u00f3n y publicaci\u00f3n de nuevas investigaciones en el campo de la salud en general, contribuyendo a elevar el conocimiento sobre la problem\u00e1tica de salud de Bolivia.<\/p>\n<p>&nbsp;<\/p>\n<p><span style=\"font-size: 14pt;\"><strong>P\u00fablico objetivo<\/strong><\/span><\/p>\n<p style=\"padding-left: 40px;\">La publicaci\u00f3n est\u00e1 dirigida a profesionales, investigadores, estudiantes y t\u00e9cnicos de las distintas disciplinas vinculadas a la salud en general que se desempe\u00f1en en instituciones p\u00fablicas, entidades acad\u00e9micas u organizaciones de la sociedad civil y que est\u00e9n interesados en conocer o difundir nuevas investigaciones en temas de salud.<\/p>\n<p>&nbsp;<\/p>\n<p><span style=\"font-size: 14pt;\"><strong>Arbitraje<\/strong><\/span><\/p>\n<p style=\"padding-left: 40px;\">Todos los trabajos publicados en la RMDP pasan por el proceso de revisi\u00f3n por pares doble ciego para garantizar la calidad de la revista.<\/p>\n<p style=\"padding-left: 40px;\">Los profesionales que realizan el arbitraje son investigadores con conocimientos en un tema particular.<\/p>\n<p style=\"padding-left: 40px;\">El Comit\u00e9 Editorial se encarga de seleccionar art\u00edculos que cumplen con los criterios para ser revisados. Se designan un revisor con experiencia en el tema enviado.\u00a0 Si el trabajo no es aceptado para revisi\u00f3n, se notifica v\u00eda WhatsApp al autor.<\/p>\n<p style=\"padding-left: 40px;\">Caracter\u00edsticas del arbitraje de la RMDP: El anonimato.<\/p>\n<p style=\"padding-left: 40px;\">El autor no conoce la identidad del \u00e1rbitro y estos no pueden identificar al autor. Los \u00e1rbitros no se conocen entre s\u00ed.<\/p>\n<p style=\"padding-left: 40px;\">Los \u00e1rbitros eval\u00faan el manuscrito seg\u00fan su m\u00e9rito cient\u00edfico, pertinencia y pol\u00edtica editorial (revisi\u00f3n integral del contenido, forma, redacci\u00f3n, estructura del resumen, palabras clave, apartados, adecuaci\u00f3n del lenguaje utilizado, referencias, cuadros, gr\u00e1ficos, estad\u00edsticas de los manuscritos de su \u00e1rea bas\u00e1ndose en una plantilla de evaluaci\u00f3n que tiene la RMDP. Esta plantilla debe ser llenada por los revisores, quienes pueden considerar un trabajo como ACEPTADO, ACEPTADO CON CORECCIONES (mayores o menores) o RECHAZADO, pudiendo adem\u00e1s agregar las observaciones que estimen necesarias.)<\/p>\n<p><strong>\u00a0<\/strong><\/p>\n<p><span style=\"font-size: 14pt;\"><strong>Conflictos de inter\u00e9s<\/strong><\/span><\/p>\n<p style=\"padding-left: 40px;\">Los manuscritos pueden ser enviados v\u00eda digital o impresa al editor de la revista en la Unidad de Postgrado de la Facultad de Medicina de la Universidad Mayor de San Andr\u00e9s, ir\u00e1n acompa\u00f1ados de una carta que debe incluir la siguiente informaci\u00f3n: \u2022 Una declaraci\u00f3n completa al editor del manuscrito enviado para publicar y qu\u00e9 tipo de art\u00edculo corresponde. \u2022 Una declaraci\u00f3n de las relaciones financieras o de otro tipo que puedan acarrear un conflicto de intereses. \u2022 Una declaraci\u00f3n donde se afirme que el manuscrito ha sido le\u00eddo y aprobado por todos los autores.<\/p>\n<p>&nbsp;<\/p>\n<p><span style=\"font-size: 14pt;\"><strong>ISSN<\/strong><\/span><\/p>\n<p style=\"padding-left: 40px;\">ISSN: 3005-4354 (en l\u00ednea)<\/p>\n<p style=\"padding-left: 40px;\">ISSN: 2789-8024 (impresa)<\/p>\n<p>&nbsp;<\/p>\n<p><span style=\"font-size: 14pt;\"><strong>Periodicidad<\/strong><\/span><\/p>\n<p style=\"padding-left: 40px;\">La RMDP actualmente circula semestralmente, con dos n\u00fameros permanentes al a\u00f1o.<\/p>\n<p style=\"padding-left: 40px;\">(enero \u2013 junio) y (julio \u2013 diciembre)<\/p>\n<p>&nbsp;<\/p>\n<p><span style=\"font-size: 14pt;\"><strong>Pol\u00edtica de acceso abierto, licencias y derechos de Autor<\/strong><\/span><\/p>\n<p style=\"padding-left: 40px;\">La RMDP tiene una pol\u00edtica de acceso abierto al conocimiento, por lo que permite el libre acceso a todos sus contenidos y reconoce el derecho de autor\u00eda de los creadores, bajo la licencia\u00a0<em>Creative Commons<\/em>\u00a0de atribuci\u00f3n &#8211; no comercial <strong>&#8211;<\/strong><strong>CompartirIgual (CC BY-NC-SA)<\/strong><\/p>\n<p>&nbsp;<\/p>\n<p><span style=\"font-size: 14pt;\"><strong>Pol\u00edtica de Cobros<\/strong><\/span><\/p>\n<p style=\"padding-left: 40px;\">La RMDP no cobra ning\u00fan costo a los autores por concepto de env\u00edo, publicaci\u00f3n y\/o procesamiento editorial de los art\u00edculos.<\/p>\n<p>&nbsp;<\/p>\n<p><span style=\"font-size: 14pt;\"><strong>Pol\u00edtica de Detecci\u00f3n de Plagio\u00a0<\/strong><\/span><\/p>\n<p style=\"padding-left: 40px;\">La RMDP tiene como norma la revisi\u00f3n de plagio como parte del proceso editorial de todos los art\u00edculos seleccionado para iniciar el proceso de revisi\u00f3n por pares, para ello utiliza los servicios de Compilatio<\/p>\n<\/blockquote>\n","protected":false},"excerpt":{"rendered":"<p>Informaci\u00f3n b\u00e1sica La Revista Memoria del Posgrado (RMDP) es una revista oficial de la Unidad de Posgrado de la Facultad de Medicina, Enfermer\u00eda y Tecnolog\u00eda M\u00e9dica de la Universidad Mayor de San Andr\u00e9s de la Paz \u2013 Bolivia. La RNDP publica todo trabajo relacionado en el \u00e1rea de la salud en el \u00e1mbito nacional e [&hellip;]<\/p>\n","protected":false},"author":1,"featured_media":0,"parent":0,"menu_order":0,"comment_status":"closed","ping_status":"closed","template":"","meta":{"disable_featured_image":false,"footnotes":""},"_links":{"self":[{"href":"https:\/\/posgradofment.umsa.bo\/memoriadelposgrado\/index.php\/wp-json\/wp\/v2\/pages\/485"}],"collection":[{"href":"https:\/\/posgradofment.umsa.bo\/memoriadelposgrado\/index.php\/wp-json\/wp\/v2\/pages"}],"about":[{"href":"https:\/\/posgradofment.umsa.bo\/memoriadelposgrado\/index.php\/wp-json\/wp\/v2\/types\/page"}],"author":[{"embeddable":true,"href":"https:\/\/posgradofment.umsa.bo\/memoriadelposgrado\/index.php\/wp-json\/wp\/v2\/users\/1"}],"replies":[{"embeddable":true,"href":"https:\/\/posgradofment.umsa.bo\/memoriadelposgrado\/index.php\/wp-json\/wp\/v2\/comments?post=485"}],"version-history":[{"count":4,"href":"https:\/\/posgradofment.umsa.bo\/memoriadelposgrado\/index.php\/wp-json\/wp\/v2\/pages\/485\/revisions"}],"predecessor-version":[{"id":498,"href":"https:\/\/posgradofment.umsa.bo\/memoriadelposgrado\/index.php\/wp-json\/wp\/v2\/pages\/485\/revisions\/498"}],"wp:attachment":[{"href":"https:\/\/posgradofment.umsa.bo\/memoriadelposgrado\/index.php\/wp-json\/wp\/v2\/media?parent=485"}],"curies":[{"name":"wp","href":"https:\/\/api.w.org\/{rel}","templated":true}]}}