{"id":4796,"date":"2026-01-15T18:15:50","date_gmt":"2026-01-15T18:15:50","guid":{"rendered":"https:\/\/posgradofment.umsa.bo\/?page_id=4796"},"modified":"2026-02-19T21:21:52","modified_gmt":"2026-02-19T21:21:52","slug":"oferta-academica","status":"publish","type":"page","link":"https:\/\/posgradofment.umsa.bo\/index.php\/oferta-academica\/","title":{"rendered":"OFERTA POSGRADUAL"},"content":{"rendered":"<div class=\"\" style=\"\" >\n    \n    <section class=\"skrollable u-clearfix u-image u-parallax u-shading u-section-2\" id=\"sec-e31b\" data-image-width=\"750\" data-image-height=\"235\" style=\"background-image: linear-gradient(rgba(0, 0, 0, 0.6), rgba(0, 0, 0, 0.6)), url(&quot;https:\/\/posgradofment.umsa.bo\/wp-content\/uploads\/peritaje-medico.jpg&quot;);\">\n      <div class=\"u-clearfix u-sheet u-valign-bottom-lg u-valign-bottom-md u-valign-bottom-sm u-valign-middle-xl u-sheet-1\">\n        <h1 class=\"u-align-right u-custom-font u-font-roboto u-text u-text-1\"> OFERTA&nbsp;<br>ACAD\u00c9MICA\n        <\/h1>\n        <div class=\"u-border-3 u-border-grey-10 u-expanded-width-xs u-line u-line-horizontal u-line-1\"><\/div>\n        <h1 class=\"u-align-right u-custom-font u-font-roboto u-text u-text-2\">El conocimiento y la formaci\u00f3n m\u00e9dica, son las oportunidades\nde una mejor calidad de vida para los profesionales y la sociedad sobre la\nque se ejerce. <\/h1>\n      <\/div>\n    <\/section>\n    <section class=\"u-align-left u-clearfix u-container-align-left u-section-3\" id=\"block-4\">\n      \n      \n      \n      \n      \n      \n      \n      \n      \n      \n      \n      \n      \n      \n      \n      \n      \n      \n      \n      \n      \n      \n      \n      \n      \n      \n      \n      <div class=\"u-clearfix u-sheet u-valign-middle-lg u-valign-middle-md u-valign-middle-sm u-valign-middle-xl u-sheet-1\">\n        <div class=\"u-expanded-width u-tab-links-align-justify u-tabs u-tabs-1\">\n          <ul class=\"u-palette-2-light-2 u-spacing-0 u-tab-list u-unstyled u-tab-list-1\" role=\"tablist\"><li class=\"u-tab-item\" role=\"presentation\"><a class=\"active u-active-custom-color-2 u-border-1 u-border-palette-2-light-1 u-button-style u-custom-font u-font-roboto u-tab-link u-text-body-color u-tab-link-1\" id=\"link-tab-4d57\" href=\"#tab-4d57\" role=\"tab\" aria-controls=\"tab-4d57\" aria-selected=\"true\"> DOCTORADOS<\/a>\n<\/li><li class=\"u-tab-item u-tab-item-2\" role=\"presentation\"><a class=\"u-active-custom-color-2 u-border-1 u-border-palette-2-light-1 u-button-style u-custom-font u-font-roboto u-tab-link u-text-body-color u-tab-link-2\" id=\"link-tab-8e7b\" href=\"#tab-8e7b\" role=\"tab\" aria-controls=\"tab-8e7b\" aria-selected=\"false\"> MAESTRIAS<\/a>\n<\/li><li class=\"u-tab-item u-tab-item-3\" role=\"presentation\"><a class=\"u-active-custom-color-2 u-border-1 u-border-palette-2-light-1 u-button-style u-custom-font u-font-roboto u-tab-link u-text-body-color u-tab-link-3\" id=\"link-tab-3a42\" href=\"#tab-3a42\" role=\"tab\" aria-controls=\"tab-3a42\" aria-selected=\"false\"> ESPECIALIDADES <\/a>\n<\/li><li class=\"u-tab-item\" role=\"presentation\"><a class=\"u-active-custom-color-2 u-border-1 u-border-palette-2-light-1 u-button-style u-custom-font u-font-roboto u-tab-link u-text-body-color u-tab-link-4\" id=\"link-tab-a976\" href=\"#tab-a976\" role=\"tab\" aria-controls=\"tab-a976\" aria-selected=\"false\">DIPLOMADOS<\/a>\n<\/li><\/ul>\n          <div class=\"u-tab-content\">\n            <div class=\"u-container-style u-tab-active u-tab-pane\" id=\"tab-4d57\" role=\"tabpanel\" aria-labelledby=\"link-tab-4d57\">\n              <div class=\"u-container-layout u-container-layout-1\">\n                <img class=\"u-hidden-xs u-image u-image-default u-image-1\" src=\"https:\/\/posgradofment.umsa.bo\/wp-content\/uploads\/close-up-woman-with-graduation-diploma.jpg\" alt=\"\" data-image-width=\"650\" data-image-height=\"472\">\n                <p class=\"u-custom-font u-font-roboto u-text u-text-custom-color-1 u-text-1\"> DOCTORADO NO ESCOLARIZADO EN CIENCIAS DE LA EDUCACI\u00d3N\nSUPERIOR EN SALUD, MODALIDAD SEMIPRESENCIAL<\/p>\n                <ul class=\"u-align-justify u-custom-font u-font-roboto u-hidden-xs u-text u-text-custom-color-1 u-text-2\">\n                  <li><span style=\"font-weight: 700;\">OBJETIVO<\/span>: Formar recursos humanos del \u00e1rea de la Salud que\ndesarrollen procesos de investigaci\u00f3n con alto nivel cient\u00edfico y experticia en\nel campo de las disciplinas pedag\u00f3gicas, que contribuyan en la soluci\u00f3n de las\ndemandas y necesidades educativas, evaluaci\u00f3n y calidad de las diferentes \u00e1reas\nde las Ciencias de la Educaci\u00f3n Superior en Salud y de nuestra sociedad.\n                  <\/li>\n                <\/ul>\n                <a href=\"https:\/\/posgradofment.umsa.bo\/wp-content\/uploads\/27.DOCTORADOENEDUCACINSUPERIOR20262028.pdf\" class=\"u-border-0 u-btn u-btn-round u-button-style u-file-link u-hover-custom-color-2 u-hover-feature u-radius u-custom-color-1 u-btn-1\"> INFORMACI\u00d3N<br>\n                <\/a>\n                <div class=\"u-shape u-shape-svg u-text-palette-1-base u-shape-1\">\n                  <svg class=\"u-svg-link\" preserveAspectRatio=\"none\" viewBox=\"0 0 160 120\" style=\"\"><use xlink:href=\"#svg-519a\"><\/use><\/svg>\n                  <svg class=\"u-svg-content\" viewBox=\"0 0 160 120\" x=\"0px\" y=\"0px\" id=\"svg-519a\" style=\"enable-background:new 0 0 160 120;\"><g><g><path d=\"M72.4,114.5c-7.3,7.3-19,7.3-26.3,0L5.5,73.6c-7.3-7.3-7.3-19.1,0-26.4s19-7.3,26.3,0L56,71.6c1.8,1.8,4.8,1.8,6.6,0\n\t\t\tl65.7-66.1c7.3-7.3,19-7.3,26.3,0c3.5,3.5,5.4,8.2,5.4,13.2s-2,9.8-5.4,13.2L72.4,114.5z\"><\/path>\n<\/g>\n<\/g><\/svg>\n                <\/div>\n                <div class=\"u-shape u-shape-svg u-text-palette-1-base u-shape-2\">\n                  <svg class=\"u-svg-link\" preserveAspectRatio=\"none\" viewBox=\"0 0 160 120\" style=\"\"><use xlink:href=\"#svg-b4db\"><\/use><\/svg>\n                  <svg class=\"u-svg-content\" viewBox=\"0 0 160 120\" x=\"0px\" y=\"0px\" id=\"svg-b4db\" style=\"enable-background:new 0 0 160 120;\"><g><g><path d=\"M72.4,114.5c-7.3,7.3-19,7.3-26.3,0L5.5,73.6c-7.3-7.3-7.3-19.1,0-26.4s19-7.3,26.3,0L56,71.6c1.8,1.8,4.8,1.8,6.6,0\n\t\t\tl65.7-66.1c7.3-7.3,19-7.3,26.3,0c3.5,3.5,5.4,8.2,5.4,13.2s-2,9.8-5.4,13.2L72.4,114.5z\"><\/path>\n<\/g>\n<\/g><\/svg>\n                <\/div>\n                <p class=\"u-custom-font u-font-roboto u-text u-text-custom-color-1 u-text-3\"> DOCTORADO EN CIENCIAS DE LA SALUD P\u00daBLICA, MODALIDAD SEMIPRESENCIAL<\/p>\n                <ul class=\"u-align-justify u-custom-font u-font-roboto u-hidden-xs u-text u-text-custom-color-1 u-text-4\">\n                  <li><span style=\"font-weight: 700;\">OBJETIVO<\/span>: \u200bFormar investigadores en salud p\u00fablica desde una\nperspectiva multidisciplinaria y basada en competencias con pensamiento cr\u00edtico\ny reflexivo para el ejercicio de la gesti\u00f3n de las determinantes de la salud,\ndesde el contexto de las instituciones donde desarrollan sus actividades\nacad\u00e9micas y profesionales,&nbsp; transform\u00e1ndose en agentes y gestores de cambio.\n                  <\/li>\n                <\/ul>\n                <a href=\"https:\/\/posgradofment.umsa.bo\/wp-content\/uploads\/26.DOCTORADOENCIENCIASDELASALUDPBLICA20262028.pdf\" class=\"u-border-0 u-btn u-btn-round u-button-style u-file-link u-hover-custom-color-2 u-hover-feature u-radius u-custom-color-1 u-btn-2\"> INFORMACI\u00d3N<br>\n                <\/a>\n              <\/div>\n            <\/div>\n            <div class=\"u-container-style u-tab-pane u-tab-pane-2\" id=\"tab-8e7b\" role=\"tabpanel\" aria-labelledby=\"link-tab-8e7b\">\n              <div class=\"u-container-layout u-container-layout-2\">\n                <a href=\"https:\/\/posgradofment.umsa.bo\/wp-content\/uploads\/19.MAESTRIAENSALUDPBLICAMENCINGERENCIAENSALUD202620271.pdf\" class=\"u-align-left u-btn u-button-style u-custom-font u-file-link u-font-roboto u-hover-feature u-text-color-var u-btn-3\" target=\"_blank\">- <span style=\"text-decoration: underline !important;\"> SALUD P\u00daBLICA MENCI\u00d3N<\/span>\n                  <br>&nbsp; <span style=\"text-decoration: underline !important;\">GERENCIA EN SALUD<\/span>\n                  <br>\n                <\/a>\n                <img class=\"u-hidden-xs u-image u-image-default u-image-2\" src=\"https:\/\/posgradofment.umsa.bo\/wp-content\/uploads\/3106106.jpg\" alt=\"\" data-image-width=\"400\" data-image-height=\"300\">\n                <a href=\"https:\/\/posgradofment.umsa.bo\/wp-content\/uploads\/20.MAESTRIAENS.P.MENCINEPIDEMIOLOGA202620271.pdf\" class=\"u-align-left u-btn u-button-style u-custom-font u-file-link u-font-roboto u-hover-feature u-text-color-var u-btn-4\" target=\"_blank\">- <span style=\"text-decoration: underline !important;\">SALUD P\u00daBLICA MENCI\u00d3N<\/span>\n                  <br>&nbsp; <span style=\"text-decoration: underline !important;\">EPIDEMIOLOG\u00cdA<\/span>\n                <\/a>\n                <a href=\"https:\/\/posgradofment.umsa.bo\/wp-content\/uploads\/23.MAESTRIAENFERMERANEFRLOGICAYHEMODILISIS20262027.pdf\" class=\"u-align-left u-btn u-button-style u-custom-font u-file-link u-font-roboto u-hover-feature u-text-color-var u-btn-5\" target=\"_blank\">- <span style=\"text-decoration: underline !important;\"> GESTI\u00d3N EN ENFERMER\u00cdA<\/span>\n                  <br>&nbsp; &nbsp;<span style=\"text-decoration: underline !important;\">NEFROL\u00d3GICA Y HEMODI\u00c1LISIS<\/span>\n                <\/a>\n                <a href=\"https:\/\/posgradofment.umsa.bo\/wp-content\/uploads\/22.MAESTRIAENENFERMERIAENMEDICINACRTICAYTERAPIAINT.20262027.pdf\" class=\"u-align-left u-btn u-button-style u-custom-font u-file-link u-font-roboto u-hover-feature u-text-color-var u-btn-6\" target=\"_blank\">- <span style=\"text-decoration: underline !important;\">ENFERMER\u00cdA&nbsp;EN MEDICINA<\/span>\n                  <br>&nbsp; <span style=\"text-decoration: underline !important;\">CR\u00cdTICA Y TERAPIA INTENSIVA<\/span>\n                <\/a>\n                <a href=\"https:\/\/posgradofment.umsa.bo\/wp-content\/uploads\/25.MAESTRAENMCYTIENENFERMERANEONATAL20262027.pdf\" class=\"u-align-left u-btn u-button-style u-custom-font u-file-link u-font-roboto u-hover-feature u-text-color-var u-btn-7\" target=\"_blank\">- <span style=\"text-decoration: underline !important;\">MEDICINA CR\u00cdTICA Y TERAPIA<\/span>\n                  <br>&nbsp; <span style=\"text-decoration: underline !important;\">INTENSIVA EN ENFERMER\u00cdA<\/span>\n                  <br>&nbsp; <span style=\"text-decoration: underline !important;\">NEONATAL<\/span>\n                <\/a>\n                <a href=\"https:\/\/posgradofment.umsa.bo\/wp-content\/uploads\/24.MAESTRIAENSEGURIDADALIMENTARIAYNUTRICIN20262027.pdf\" class=\"u-align-left u-btn u-button-style u-custom-font u-file-link u-font-roboto u-hover-feature u-text-color-var u-btn-8\" target=\"_blank\">- <span style=\"text-decoration: underline !important;\"><\/span><span style=\"text-decoration: underline !important;\">SEGURIDAD&nbsp;ALIMENTARIA&nbsp;<\/span>\n                  <br>&nbsp; <span style=\"text-decoration: underline !important;\">Y NUTRICI\u00d3N <\/span>\n                <\/a>\n                <a href=\"https:\/\/posgradofment.umsa.bo\/wp-content\/uploads\/21.MAESTRIAMEDICINAFORENSE20262027.pdf\" class=\"u-align-left-xs u-btn u-button-style u-custom-font u-file-link u-font-roboto u-hover-feature u-text-color-var u-btn-9\">- <span style=\"text-decoration: underline !important;\"> MEDICINA FORENSE<\/span>\n                <\/a>\n                <a href=\"https:\/\/posgradofment.umsa.bo\/wp-content\/uploads\/27.MAESTRIAENALIMENTACINYNUTRICINCLNICA2026.pdf\" class=\"u-align-left u-btn u-button-style u-custom-font u-file-link u-font-roboto u-hover-feature u-text-color-var u-btn-10\" target=\"_blank\">- <span style=\"text-decoration: underline !important;\"><\/span><span style=\"text-decoration: underline !important;\"><b>ALIMENTACI\u00d3N Y NUTRICI\u00d3N<\/b><\/span>\n                  <br><b>&nbsp; <span style=\"text-decoration: underline !important;\">CL\u00cdNICA<\/span><\/b>\n                <\/a>\n              <\/div>\n            <\/div>\n            <div class=\"u-container-style u-tab-pane u-tab-pane-3\" id=\"tab-3a42\" role=\"tabpanel\" aria-labelledby=\"link-tab-3a42\">\n              <div class=\"u-container-layout u-valign-bottom-lg u-valign-bottom-md u-valign-bottom-sm u-container-layout-3\">\n                <img class=\"u-hidden-xs u-image u-image-default u-image-3\" src=\"https:\/\/posgradofment.umsa.bo\/wp-content\/uploads\/seleccion-de-personal-proceso-portada.jpg\" alt=\"\" data-image-width=\"1400\" data-image-height=\"933\">\n                <a href=\"https:\/\/posgradofment.umsa.bo\/wp-content\/uploads\/16.ESPECIALIDADENGESTINDECALIDADYAUDITORIAMDICA20261.pdf\" class=\"u-align-left u-btn u-btn-round u-button-style u-custom-font u-file-link u-font-roboto u-hover-feature u-radius u-text-custom-color-3 u-btn-11\" target=\"_blank\">- <span style=\"text-decoration: underline !important;\"><\/span><span style=\"text-decoration: underline !important;\"> GESTI\u00d3N DE CALIDAD<\/span>\n                  <br>&nbsp; <span style=\"text-decoration: underline !important;\">Y AUDITOR\u00cdA M\u00c9DICA<\/span>\n                  <br>\n                <\/a>\n                <a href=\"https:\/\/posgradofment.umsa.bo\/wp-content\/uploads\/15.ESPECIALIDADENENFERMERIAINSTRUMENTACINQUIRRGICA20261.pdf\" class=\"u-align-center u-btn u-btn-round u-button-style u-custom-font u-file-link u-font-roboto u-hover-feature u-radius u-text-custom-color-3 u-btn-12\" target=\"_blank\">- <span style=\"text-decoration: underline !important;\">ENFERMER\u00cdA en<br>&nbsp;INSTRUMENTACI\u00d3N&nbsp;<br>QUIR\u00daRGICA Y GESTI\u00d3N&nbsp;<br>EN CENTRAL&nbsp;<br>DE ESTERILIZACI\u00d3N<\/span>\n                  <br>\n                <\/a>\n                <a href=\"https:\/\/posgradofment.umsa.bo\/wp-content\/uploads\/18.ESPECIALIDADENALIMENTACINYNUTRICINCLNICA2026.pdf\" class=\"u-align-left u-btn u-btn-round u-button-style u-custom-font u-file-link u-font-roboto u-hover-feature u-radius u-text-custom-color-3 u-btn-13\" target=\"_blank\">- <span style=\"text-decoration: underline !important;\"><b>ALIMENTACI\u00d3N Y&nbsp;<br>NUTRICI\u00d3N CL\u00cdNICA<\/b><\/span>\n                  <br>\n                <\/a>\n                <a href=\"https:\/\/posgradofment.umsa.bo\/wp-content\/uploads\/17.ESPECIALIDADENPPEGESS20261.pdf\" class=\"u-align-center u-btn u-btn-round u-button-style u-custom-font u-file-link u-font-roboto u-hover-feature u-radius u-text-custom-color-3 u-btn-14\" target=\"_blank\">- <span style=\"text-decoration: underline !important;\"> PSICOPEDAGOG\u00cdA,&nbsp;<br>PLANIFICACI\u00d3N,<br>EVALUACI\u00d3N Y GESTI\u00d3N<br>DE LA EDUCACI\u00d3N&nbsp;<br>SUPERIOR EN SALUD&nbsp;<br>(PPEGESS)<\/span>\n                  <br>\n                <\/a>\n              <\/div>\n            <\/div>\n            <div class=\"u-container-style u-tab-pane\" id=\"tab-a976\" role=\"tabpanel\" aria-labelledby=\"link-tab-a976\">\n              <div class=\"u-container-layout u-valign-bottom-lg u-valign-bottom-md u-valign-bottom-sm u-container-layout-4\">\n                <a href=\"https:\/\/posgradofment.umsa.bo\/wp-content\/uploads\/3.DIPLOMADOENEDUCACINSUPERIORENSALUDFORMACINBASADAENCOMPETENCIAS20262.pdf\" class=\"u-align-left u-btn u-btn-round u-button-style u-file-link u-hover-feature u-radius u-text-color-var u-btn-15\" target=\"_blank\">- <span style=\"text-decoration: underline !important;\"> EDUCACI\u00d3N SUPERIOR - FORMACI\u00d3N<\/span>\n                  <br>&nbsp; <span style=\"text-decoration: underline !important;\">BASADA EN COMPETENCIAS <\/span>\n                <\/a>\n                <a href=\"https:\/\/posgradofment.umsa.bo\/wp-content\/uploads\/12.DIPLOMADOLENGUAJEESTANDARIZADONANDAINOCNIC20262.pdf\" class=\"u-align-left u-btn u-btn-round u-button-style u-file-link u-hover-feature u-radius u-text-color-var u-btn-16\" target=\"_blank\">- <span style=\"text-decoration: underline !important;\"> LENGUAJEESTANDARIZADO NANDA-I,<\/span>\n                  <br>&nbsp; &nbsp;<span style=\"text-decoration: underline !important;\">NOC, NIC EN LA GESTI\u00d3N DEL<\/span>\n                  <br>&nbsp; &nbsp;<span style=\"text-decoration: underline !important;\">CUIDADO&nbsp;ENFERMERO<\/span>\n                <\/a>\n                <a href=\"https:\/\/posgradofment.umsa.bo\/wp-content\/uploads\/2.DIPLOMADOENEDUCACINSUPERIOR20262.pdf\" class=\"u-align-left u-btn u-btn-round u-button-style u-file-link u-hover-feature u-radius u-text-color-var u-btn-17\" target=\"_blank\">- <span style=\"text-decoration: underline !important;\"> PLANIFICACI\u00d3N,PSICOPEDAGOG\u00cdA,<\/span>\n                  <br>&nbsp; <span style=\"text-decoration: underline !important;\">EVALUACI\u00d3N, GESTI\u00d3N&nbsp;<\/span>\n                  <br>&nbsp; <span style=\"text-decoration: underline !important;\">DE LA&nbsp;EDUCACI\u00d3N SUPERIOR<\/span>\n                  <br>&nbsp; <span style=\"text-decoration: underline !important;\">EN SALUD (PPEGESS)<\/span>\n                <\/a>\n                <img class=\"u-hidden-xs u-image u-image-default u-image-4\" src=\"https:\/\/posgradofment.umsa.bo\/wp-content\/uploads\/Capturadepantalla2025-05-20155539.png\" alt=\"\" data-image-width=\"926\" data-image-height=\"681\">\n                <a href=\"https:\/\/posgradofment.umsa.bo\/wp-content\/uploads\/4.DIPLOMADOENEMERGENCIASYURGENCIASMDICAS20262.pdf\" class=\"u-btn u-btn-round u-button-style u-file-link u-hover-feature u-radius u-text-color-var u-btn-18\" target=\"_blank\">- <span style=\"text-decoration: underline !important;\"> EMERGENCIAS Y URGENCIAS M\u00c9DICAS <\/span>\n                <\/a>\n                <a href=\"https:\/\/posgradofment.umsa.bo\/wp-content\/uploads\/1.DIPLOMADOENCIENCIASFORENSES20262.pdf\" class=\"u-align-left-xs u-btn u-btn-round u-button-style u-file-link u-hover-feature u-radius u-text-color-var u-btn-19\" target=\"_blank\">- <span style=\"text-decoration: underline !important;\"> DIPLOMADO EN CIENCIAS FORENSES <\/span>\n                <\/a>\n                <a href=\"https:\/\/posgradofment.umsa.bo\/wp-content\/uploads\/5.DIPLOMADOENGESTINDEHOSPITALESYREDES20262.pdf\" class=\"u-align-left u-btn u-btn-round u-button-style u-file-link u-hover-feature u-radius u-text-color-var u-btn-20\" target=\"_blank\">- <span style=\"text-decoration: underline !important;\"><span style=\"text-decoration: underline !important;\">GESTI\u00d3NDE HOSPITALES<\/span>&nbsp;Y REDES<\/span>\n                  <br>&nbsp; <span style=\"text-decoration: underline !important;\">EN SALUD<\/span>\n                <\/a>\n                <a href=\"https:\/\/posgradofment.umsa.bo\/wp-content\/uploads\/11.DIPLOMADOENNUTRICINMATERNOINFANTIL20262.pdf\" class=\"u-btn u-btn-round u-button-style u-file-link u-hover-feature u-radius u-text-color-var u-btn-21\" target=\"_blank\">- <span style=\"text-decoration: underline !important;\"> NUTRICI\u00d3N MATERNO INFANTIL <\/span>\n                <\/a>\n                <a href=\"https:\/\/posgradofment.umsa.bo\/wp-content\/uploads\/8.OFERTADIPLOMADOENINTELIGENCIAARTIFICIAL20252.pdf\" class=\"u-btn u-btn-round u-button-style u-file-link u-hover-feature u-radius u-text-color-var u-btn-22\" target=\"_blank\">- <span style=\"text-decoration: underline !important;\">INTELIGENCIA ARTIFICIAL (IA) EN SALUD<\/span>\n                  <br>\n                <\/a>\n                <a href=\"https:\/\/posgradofment.umsa.bo\/wp-content\/uploads\/13.DIPLOMADOENALTORIESGOOBSTTRICOPERINATAL20262.pdf\" class=\"u-btn u-btn-round u-button-style u-file-link u-hover-feature u-radius u-text-color-var u-btn-23\" target=\"_blank\">- <span style=\"text-decoration: underline !important;\"> ALTO RIESGO OBST\u00c9TRICO PERINATAL <\/span>\n                <\/a>\n                <a href=\"https:\/\/posgradofment.umsa.bo\/wp-content\/uploads\/7.DIPLOMADOENNEURODESARROLLOINFANTIL20262.pdf\" class=\"u-btn u-btn-round u-button-style u-file-link u-hover-feature u-radius u-text-color-var u-btn-24\" target=\"_blank\">- <span style=\"text-decoration: underline !important;\"> NEURODESARROLLO INFANTIL <\/span>\n                <\/a>\n                <a href=\"https:\/\/posgradofment.umsa.bo\/wp-content\/uploads\/9.DIPLOMADOENEPIDEMIOLOGIADECAMPO20262.pdf\" class=\"u-align-left u-btn u-btn-round u-button-style u-file-link u-hover-feature u-radius u-text-color-var u-btn-25\" target=\"_blank\">- <span style=\"text-decoration: underline !important;\"> EPIDEMIOLOG\u00cdA DE CAMPO <\/span>\n                <\/a>\n                <a href=\"https:\/\/posgradofment.umsa.bo\/wp-content\/uploads\/6.DIPLOMADOENHEMODIALISIS20262.pdf\" class=\"u-align-left u-btn u-btn-round u-button-style u-file-link u-hover-feature u-radius u-text-color-var u-btn-26\" target=\"_blank\">-&nbsp;<span style=\"text-decoration: underline !important;\"> HEMODI\u00c1LISIS Y GESTI\u00d3N DEL SERVICIO<\/span>\n                  <br>&nbsp; <span style=\"text-decoration: underline !important;\">DE NEFROLOG\u00cdA EN ENFERMER\u00cdA<\/span>\n                <\/a>\n                <a href=\"https:\/\/posgradofment.umsa.bo\/wp-content\/uploads\/10.DIPLOMADOENBACTERIOLOGACLNICA20262.pdf\" class=\"u-btn u-btn-round u-button-style u-file-link u-hover-feature u-radius u-text-color-var u-btn-27\" target=\"_blank\">- <span style=\"text-decoration: underline !important;\"> BACTERIOLOG\u00cdA CL\u00cdNICA <\/span>\n                <\/a>\n                <a href=\"https:\/\/posgradofment.umsa.bo\/wp-content\/uploads\/14.DIPLOMADOENCAMBIOCLIMTICO20263.pdf\" class=\"u-btn u-btn-round u-button-style u-file-link u-hover-feature u-radius u-text-color-var u-btn-28\" target=\"_blank\">- <span style=\"text-decoration: underline !important;\"> CAMBIO CLIM\u00c1TICO Y SALUD<\/span>\n                <\/a>\n              <\/div>\n            <\/div>\n          <\/div>\n        <\/div>\n      <\/div>\n      \n    <\/section>\n    <section class=\"skrollable u-clearfix u-image u-parallax u-shading u-section-4\" id=\"sec-d5f4\" data-image-width=\"600\" data-image-height=\"400\" style=\"background-image: linear-gradient(rgba(0, 0, 0, 0.6), rgba(0, 0, 0, 0.6)), url(&quot;https:\/\/posgradofment.umsa.bo\/wp-content\/uploads\/depositphotos_393212636-stock-photo-business-people-team-sitting-meeting.webp&quot;);\">\n      <div class=\"u-clearfix u-sheet u-valign-bottom-lg u-valign-bottom-md u-valign-bottom-sm u-sheet-1\">\n        <h1 class=\"u-align-left u-custom-font u-font-roboto u-text u-text-1\"> CONTACTO <\/h1>\n        <div class=\"u-border-3 u-border-grey-10 u-expanded-width-xs u-line u-line-horizontal u-line-1\"><\/div>\n        <h1 class=\"u-align-left u-custom-font u-font-roboto u-text u-text-2\"> Estamos ubicados en las siguientes direcciones: <\/h1>\n        <div class=\"u-grey-light-2 u-map u-map-1\">\n          <div class=\"embed-responsive\">\n            <iframe class=\"embed-responsive-item\" src=\"https:\/\/maps.google.com\/maps?output=embed&amp;q=Claudio%20Sanjine%20entre%20y%20Francisco%20de%20Miranda%20%231738%2C%2C%20Republica%20Dominicana%2C%20La%20Paz&amp;z=17&amp;t=m\" data-map=\"JTdCJTIyYWRkcmVzcyUyMiUzQSUyMkNsYXVkaW8lMjBTYW5qaW5lJTIwZW50cmUlMjB5JTIwRnJhbmNpc2NvJTIwZGUlMjBNaXJhbmRhJTIwJTIzMTczOCUyQyUyQyUyMFJlcHVibGljYSUyMERvbWluaWNhbmElMkMlMjBMYSUyMFBheiUyMiUyQyUyMnpvb20lMjIlM0ExNyUyQyUyMnR5cGVJZCUyMiUzQSUyMnJvYWQlMjIlMkMlMjJsYW5nJTIyJTNBbnVsbCUyQyUyMmFwaUtleSUyMiUzQW51bGwlMkMlMjJtYXJrZXJzJTIyJTNBJTVCJTVEJTdE\"><\/iframe>\n          <\/div>\n        <\/div>\n        <div class=\"u-grey-light-2 u-map u-map-2\">\n          <div class=\"embed-responsive\">\n            <iframe class=\"embed-responsive-item\" src=\"https:\/\/maps.google.com\/maps?output=embed&amp;q=FVGR%2BQ9R%2C%20La%20Paz&amp;z=16&amp;t=m\" data-map=\"JTdCJTIyYWRkcmVzcyUyMiUzQSUyMkZWR1IlMkJROVIlMkMlMjBMYSUyMFBheiUyMiUyQyUyMnpvb20lMjIlM0ExNiUyQyUyMnR5cGVJZCUyMiUzQSUyMnJvYWQlMjIlMkMlMjJsYW5nJTIyJTNBbnVsbCUyQyUyMmFwaUtleSUyMiUzQW51bGwlMkMlMjJtYXJrZXJzJTIyJTNBJTVCJTVEJTdE\"><\/iframe>\n          <\/div>\n        <\/div>\n        <h1 class=\"u-align-center-xs u-align-left-lg u-align-left-md u-align-left-sm u-align-left-xl u-custom-font u-font-roboto u-text u-text-3\"><span class=\"u-icon\"><svg class=\"u-svg-content\" viewBox=\"0 0 405.333 405.333\" x=\"0px\" y=\"0px\"><path d=\"M373.333,266.88c-25.003,0-49.493-3.904-72.704-11.563c-11.328-3.904-24.192-0.896-31.637,6.699l-46.016,34.752    c-52.8-28.181-86.592-61.952-114.389-114.368l33.813-44.928c8.512-8.512,11.563-20.971,7.915-32.64    C142.592,81.472,138.667,56.96,138.667,32c0-17.643-14.357-32-32-32H32C14.357,0,0,14.357,0,32    c0,205.845,167.488,373.333,373.333,373.333c17.643,0,32-14.357,32-32V298.88C405.333,281.237,390.976,266.88,373.333,266.88z\"><\/path><\/svg><\/span> &nbsp;\u200bUnidad Posgrado Miraflores: 2 \u2013 2612380\n        <\/h1>\n        <h1 class=\"u-align-center-xs u-align-left-lg u-align-left-md u-align-left-sm u-align-left-xl u-custom-font u-font-roboto u-text u-text-4\"><span class=\"u-icon\"><svg class=\"u-svg-content\" viewBox=\"0 0 405.333 405.333\" x=\"0px\" y=\"0px\"><path d=\"M373.333,266.88c-25.003,0-49.493-3.904-72.704-11.563c-11.328-3.904-24.192-0.896-31.637,6.699l-46.016,34.752    c-52.8-28.181-86.592-61.952-114.389-114.368l33.813-44.928c8.512-8.512,11.563-20.971,7.915-32.64    C142.592,81.472,138.667,56.96,138.667,32c0-17.643-14.357-32-32-32H32C14.357,0,0,14.357,0,32    c0,205.845,167.488,373.333,373.333,373.333c17.643,0,32-14.357,32-32V298.88C405.333,281.237,390.976,266.88,373.333,266.88z\"><\/path><\/svg><\/span> &nbsp;\u200bUnidad Posgrado Obrajes: 2-2782035\n        <\/h1>\n        <h1 class=\"u-align-center u-custom-font u-font-roboto u-text u-text-5\"> Calle Claudio Sanjin\u00e9s # 1738, Lado ingreso Hospital del T\u00d3RAX (Zona Miraflores)<\/h1>\n        <h1 class=\"u-align-center u-custom-font u-font-roboto u-text u-text-6\"> Av. 14 de Septiembre,&nbsp;<br> Calle 5 \"Los cardos\", # 590&nbsp;<br>(Zona de Obrajes)\n        <\/h1>\n      <\/div>\n    <\/section>\n    \n    \n    \n    \n  \n<\/div>","protected":false},"excerpt":{"rendered":"<p>OFERTA&nbsp;ACAD\u00c9MICA El conocimiento y la formaci\u00f3n m\u00e9dica, son las oportunidades de una mejor calidad de vida para los profesionales y la sociedad sobre la que<\/p>\n","protected":false},"author":1,"featured_media":0,"parent":0,"menu_order":0,"comment_status":"closed","ping_status":"closed","template":"","meta":[],"_links":{"self":[{"href":"https:\/\/posgradofment.umsa.bo\/index.php\/wp-json\/wp\/v2\/pages\/4796"}],"collection":[{"href":"https:\/\/posgradofment.umsa.bo\/index.php\/wp-json\/wp\/v2\/pages"}],"about":[{"href":"https:\/\/posgradofment.umsa.bo\/index.php\/wp-json\/wp\/v2\/types\/page"}],"author":[{"embeddable":true,"href":"https:\/\/posgradofment.umsa.bo\/index.php\/wp-json\/wp\/v2\/users\/1"}],"replies":[{"embeddable":true,"href":"https:\/\/posgradofment.umsa.bo\/index.php\/wp-json\/wp\/v2\/comments?post=4796"}],"version-history":[{"count":30,"href":"https:\/\/posgradofment.umsa.bo\/index.php\/wp-json\/wp\/v2\/pages\/4796\/revisions"}],"predecessor-version":[{"id":5635,"href":"https:\/\/posgradofment.umsa.bo\/index.php\/wp-json\/wp\/v2\/pages\/4796\/revisions\/5635"}],"wp:attachment":[{"href":"https:\/\/posgradofment.umsa.bo\/index.php\/wp-json\/wp\/v2\/media?parent=4796"}],"curies":[{"name":"wp","href":"https:\/\/api.w.org\/{rel}","templated":true}]}}